{"id":214,"date":"2020-02-08T15:23:47","date_gmt":"2020-02-08T15:23:47","guid":{"rendered":"https:\/\/www.galtierfrias.es\/boda\/?page_id=214"},"modified":"2020-02-13T23:13:28","modified_gmt":"2020-02-13T23:13:28","slug":"home-2","status":"publish","type":"page","link":"https:\/\/www.galtierfrias.es\/boda\/","title":{"rendered":"Boda Alejandro y Cristina"},"content":{"rendered":"<div id=\"pl-214\"  class=\"panel-layout\" ><div id=\"pg-214-0\"  class=\"panel-grid panel-no-style\" ><div id=\"pgc-214-0-0\"  class=\"panel-grid-cell\" ><div id=\"panel-214-0-0-0\" class=\"so-panel widget widget_siteorigin-panels-builder panel-first-child\" data-index=\"0\" ><div class=\"slide-container panel-widget-style panel-widget-style-for-214-0-0-0\" ><div id=\"pl-w5e40064246514\"  class=\"panel-layout\" ><div id=\"pg-w5e40064246514-0\"  class=\"panel-grid panel-has-style\" ><div id=\"home\" class=\"panel-row-style panel-row-style-for-w5e40064246514-0\" ><div id=\"pgc-w5e40064246514-0-0\"  class=\"panel-grid-cell\" ><div id=\"panel-w5e40064246514-0-0-0\" class=\"so-panel widget widget_text panel-first-child\" data-index=\"0\" >\t\t\t<div class=\"textwidget\">\n<\/div>\n\t\t<\/div><div id=\"panel-w5e40064246514-0-0-1\" class=\"so-panel widget widget_text\" data-index=\"1\" ><div class=\"splash text-center panel-widget-style panel-widget-style-for-w5e40064246514-0-0-1\" >\t\t\t<div class=\"textwidget\"><p>Os invitamos a nuestra<\/p>\n<h2>Boda<\/h2>\n<p>que se celebrar\u00e1 el<\/p>\n<p><span>21 de agosto del 2020<\/span><\/p><\/div>\n\t\t<\/div><\/div><div id=\"panel-w5e40064246514-0-0-2\" class=\"so-panel widget widget_text panel-last-child\" data-index=\"2\" >\t\t\t<div class=\"textwidget\"><!--<iframe src=\"https:\/\/w.soundcloud.com\/player\/?visual=true&#038;url=http%3A%2F%2Fapi.soundcloud.com%2Fplaylists%2F286006054&#038;show_artwork=true&#038;maxwidth=500&#038;maxheight=750&#038;auto_play=true\"><\/iframe>-->\n<iframe src=\"https:\/\/w.soundcloud.com\/player\/?visual=true&#038;url=https%3A\/\/api.soundcloud.com\/tracks\/327360261&#038;show_artwork=true&#038;maxwidth=500&#038;maxheight=750&#038;auto_play=true\"><\/iframe>\n<\/div>\n\t\t<\/div><\/div><\/div><\/div><\/div><\/div><\/div><div id=\"panel-214-0-0-1\" class=\"so-panel widget widget_siteorigin-panels-builder\" data-index=\"1\" ><div class=\"couple  panel-widget-style panel-widget-style-for-214-0-0-1\" ><div id=\"pl-w5e45cf114f16b\"  class=\"panel-layout\" ><div id=\"pg-w5e45cf114f16b-0\"  class=\"panel-grid panel-has-style\" ><div id=\"couple\" class=\"panel-row-style panel-row-style-for-w5e45cf114f16b-0\" ><div id=\"pgc-w5e45cf114f16b-0-0\"  class=\"panel-grid-cell\" ><div id=\"panel-w5e45cf114f16b-0-0-0\" class=\"so-panel widget widget_siteorigin-panels-builder panel-first-child panel-last-child\" data-index=\"0\" ><div class=\"container text-center panel-widget-style panel-widget-style-for-w5e45cf114f16b-0-0-0\" ><div id=\"pl-w5e45cf114f17a\"  class=\"panel-layout\" ><div id=\"pg-w5e45cf114f17a-0\"  class=\"panel-grid panel-no-style\" ><div id=\"pgc-w5e45cf114f17a-0-0\"  class=\"panel-grid-cell\" ><div id=\"panel-w5e45cf114f17a-0-0-0\" class=\"so-panel widget widget_text panel-first-child panel-last-child\" data-index=\"0\" ><div class=\"bf_section_title panel-widget-style panel-widget-style-for-w5e45cf114f17a-0-0-0\" ><h3 class=\"widget-title\">Nosotros<\/h3>\t\t\t<div class=\"textwidget\"><\/div>\n\t\t<\/div><\/div><\/div><\/div><div id=\"pg-w5e45cf114f17a-1\"  class=\"panel-grid panel-no-style\" ><div id=\"pgc-w5e45cf114f17a-1-0\"  class=\"panel-grid-cell\" ><div id=\"panel-w5e45cf114f17a-1-0-0\" class=\"so-panel widget widget_sow-editor panel-first-child\" data-index=\"1\" ><div\n\t\t\t\n\t\t\tclass=\"so-widget-sow-editor so-widget-sow-editor-base\"\n\t\t\t\n\t\t>\n<div class=\"siteorigin-widget-tinymce textwidget\">\n\t<img loading=\"lazy\" decoding=\"async\" class=\"alignnone wp-image-282 size-full\" src=\"https:\/\/www.galtierfrias.es\/boda\/wp-content\/uploads\/2020\/02\/IMG_20190724_144459.jpg\" alt=\"\" width=\"799\" height=\"927\" srcset=\"https:\/\/www.galtierfrias.es\/boda\/wp-content\/uploads\/2020\/02\/IMG_20190724_144459.jpg 799w, https:\/\/www.galtierfrias.es\/boda\/wp-content\/uploads\/2020\/02\/IMG_20190724_144459-259x300.jpg 259w, https:\/\/www.galtierfrias.es\/boda\/wp-content\/uploads\/2020\/02\/IMG_20190724_144459-768x891.jpg 768w\" sizes=\"auto, (max-width: 799px) 100vw, 799px\" \/><\/div>\n<\/div><\/div><div id=\"panel-w5e45cf114f17a-1-0-1\" class=\"so-panel widget widget_text panel-last-child\" data-index=\"2\" ><h3 class=\"widget-title\">Alejandro<\/h3>\t\t\t<div class=\"textwidget\"><p>Es una persona noble, inteligente pero tambi\u00e9n ingenua, de car\u00e1cter fuerte pero un ni\u00f1o en el fondo.<\/p>\n<p>Muy buen padre!!<\/p>\n<p>El es mi complemento, con muchas virtudes y con defectos tambi\u00e9n, como todos los tenemos.<\/p>\n<p>Pero \u00e9l para mi es imperfectamente Perfecto.<\/p>\n<\/div>\n\t\t<\/div><\/div><div id=\"pgc-w5e45cf114f17a-1-1\"  class=\"panel-grid-cell\" ><div id=\"panel-w5e45cf114f17a-1-1-0\" class=\"so-panel widget widget_sow-editor panel-first-child\" data-index=\"3\" ><div\n\t\t\t\n\t\t\tclass=\"so-widget-sow-editor so-widget-sow-editor-base\"\n\t\t\t\n\t\t>\n<div class=\"siteorigin-widget-tinymce textwidget\">\n\t<p><img loading=\"lazy\" decoding=\"async\" class=\"alignnone wp-image-267 size-full\" src=\"https:\/\/www.galtierfrias.es\/boda\/wp-content\/uploads\/2020\/02\/IMG_20190425_204752.jpg\" alt=\"\" width=\"801\" height=\"927\" srcset=\"https:\/\/www.galtierfrias.es\/boda\/wp-content\/uploads\/2020\/02\/IMG_20190425_204752.jpg 801w, https:\/\/www.galtierfrias.es\/boda\/wp-content\/uploads\/2020\/02\/IMG_20190425_204752-259x300.jpg 259w, https:\/\/www.galtierfrias.es\/boda\/wp-content\/uploads\/2020\/02\/IMG_20190425_204752-768x889.jpg 768w\" sizes=\"auto, (max-width: 801px) 100vw, 801px\" \/><\/p>\n<\/div>\n<\/div><\/div><div id=\"panel-w5e45cf114f17a-1-1-1\" class=\"so-panel widget widget_text panel-last-child\" data-index=\"4\" ><h3 class=\"widget-title\">Cris<\/h3>\t\t\t<div class=\"textwidget\"><p>Es una mujer y una madre \u00fanica y excepcional, una luchadora, inteligente y perseverante que nunca se rinde, pero tambi\u00e9n desconfiada<\/p>\n<p>Lo da todo por su familia y por los amigos aun a costa de ella misma y de sus propios intereses<\/p>\n<p>Si la quieres y la respetas ser\u00e1 tu mejor aliada y tu m\u00e1s fiel compa\u00f1era pero si la defraudas o traicionas ser\u00e1 tu peor enemigo<\/p>\n<p>Gracias a ella soy mejor padre, menos r\u00edgido y m\u00e1s humano<\/p>\n<\/div>\n\t\t<\/div><\/div><\/div><\/div><\/div><\/div><\/div><\/div><\/div><\/div><\/div><\/div><div id=\"panel-214-0-0-2\" class=\"so-panel widget widget_siteorigin-panels-builder\" data-index=\"2\" ><div class=\"venue so-parallax panel-widget-style panel-widget-style-for-214-0-0-2\" ><img fetchpriority=\"high\" decoding=\"async\" width=\"1920\" height=\"1366\" src=\"https:\/\/www.galtierfrias.es\/boda\/wp-content\/uploads\/2020\/02\/Jardin.jpg\" class=\"attachment-full size-full\" alt=\"\" data-siteorigin-parallax=\"true\" loading=\"eager\" srcset=\"https:\/\/www.galtierfrias.es\/boda\/wp-content\/uploads\/2020\/02\/Jardin.jpg 1920w, https:\/\/www.galtierfrias.es\/boda\/wp-content\/uploads\/2020\/02\/Jardin-300x213.jpg 300w, https:\/\/www.galtierfrias.es\/boda\/wp-content\/uploads\/2020\/02\/Jardin-1024x729.jpg 1024w, https:\/\/www.galtierfrias.es\/boda\/wp-content\/uploads\/2020\/02\/Jardin-768x546.jpg 768w, https:\/\/www.galtierfrias.es\/boda\/wp-content\/uploads\/2020\/02\/Jardin-1536x1093.jpg 1536w\" sizes=\"(max-width: 1920px) 100vw, 1920px\" \/><div id=\"pl-w5e45cdd4de9b8\"  class=\"panel-layout\" ><div id=\"pg-w5e45cdd4de9b8-0\"  class=\"panel-grid panel-has-style\" ><div id=\"venue\" class=\"panel-row-style panel-row-style-for-w5e45cdd4de9b8-0\" ><div id=\"pgc-w5e45cdd4de9b8-0-0\"  class=\"panel-grid-cell\" ><div id=\"panel-w5e45cdd4de9b8-0-0-0\" class=\"so-panel widget widget_siteorigin-panels-builder panel-first-child panel-last-child\" data-index=\"0\" ><div class=\"container text-center panel-widget-style panel-widget-style-for-w5e45cdd4de9b8-0-0-0\" ><div id=\"pl-w5e3ef493f1da5\"  class=\"panel-layout\" ><div id=\"pg-w5e3ef493f1da5-0\"  class=\"panel-grid panel-no-style\" ><div id=\"pgc-w5e3ef493f1da5-0-0\"  class=\"panel-grid-cell\" ><div id=\"panel-w5e3ef493f1da5-0-0-0\" class=\"so-panel widget widget_text panel-first-child panel-last-child\" data-index=\"0\" ><div class=\"bf_section_title white panel-widget-style panel-widget-style-for-w5e3ef493f1da5-0-0-0\" ><h3 class=\"widget-title\">Cuando y Donde<\/h3>\t\t\t<div class=\"textwidget\"><h3>Lugar<\/h3>\n<h2>Hotel Bot\u00e1nico, <br>\nPuerto de la Cruz<\/h2>\n\n<h3>Hora<\/h3>\n<h2>6:00 de la tarde <br>21 de AGOSTO de 2020<\/h2><\/div>\n\t\t<\/div><\/div><\/div><\/div><\/div><\/div><\/div><\/div><\/div><\/div><\/div><\/div><\/div><div id=\"panel-214-0-0-3\" class=\"so-panel widget widget_siteorigin-panels-builder panel-last-child\" data-index=\"3\" ><div class=\"rsvp so-parallax panel-widget-style panel-widget-style-for-214-0-0-3\" ><img decoding=\"async\" width=\"1920\" height=\"1366\" src=\"https:\/\/www.galtierfrias.es\/boda\/wp-content\/uploads\/2020\/02\/rsvp.jpg\" class=\"attachment-full size-full\" alt=\"\" data-siteorigin-parallax=\"true\" loading=\"eager\" srcset=\"https:\/\/www.galtierfrias.es\/boda\/wp-content\/uploads\/2020\/02\/rsvp.jpg 1920w, https:\/\/www.galtierfrias.es\/boda\/wp-content\/uploads\/2020\/02\/rsvp-300x213.jpg 300w, https:\/\/www.galtierfrias.es\/boda\/wp-content\/uploads\/2020\/02\/rsvp-1024x729.jpg 1024w, https:\/\/www.galtierfrias.es\/boda\/wp-content\/uploads\/2020\/02\/rsvp-768x546.jpg 768w, https:\/\/www.galtierfrias.es\/boda\/wp-content\/uploads\/2020\/02\/rsvp-1536x1093.jpg 1536w\" sizes=\"(max-width: 1920px) 100vw, 1920px\" \/><div id=\"pl-w5e45d81811532\"  class=\"panel-layout\" ><div id=\"pg-w5e45d81811532-0\"  class=\"panel-grid panel-has-style\" ><div id=\"rsvp\" class=\"panel-row-style panel-row-style-for-w5e45d81811532-0\" ><div id=\"pgc-w5e45d81811532-0-0\"  class=\"panel-grid-cell\" ><div id=\"panel-w5e45d81811532-0-0-0\" class=\"so-panel widget widget_siteorigin-panels-builder panel-first-child panel-last-child\" data-index=\"0\" ><div class=\"container panel-widget-style panel-widget-style-for-w5e45d81811532-0-0-0\" ><div id=\"pl-w5e45d81811549\"  class=\"panel-layout\" ><div id=\"pg-w5e45d81811549-0\"  class=\"panel-grid panel-has-style\" ><div class=\"rsvp-text panel-row-style panel-row-style-for-w5e45d81811549-0\" ><div id=\"pgc-w5e45d81811549-0-0\"  class=\"panel-grid-cell\" ><div id=\"panel-w5e45d81811549-0-0-0\" class=\"so-panel widget widget_text panel-first-child panel-last-child\" data-index=\"0\" ><div class=\"rsvp-form bf_section_title panel-widget-style panel-widget-style-for-w5e45d81811549-0-0-0\" ><h3 class=\"widget-title\">RSVP<\/h3>\t\t\t<div class=\"textwidget\">\n<div class=\"wpcf7 no-js\" id=\"wpcf7-f111-o1\" lang=\"en-US\" dir=\"ltr\" data-wpcf7-id=\"111\">\n<div class=\"screen-reader-response\"><p role=\"status\" aria-live=\"polite\" aria-atomic=\"true\"><\/p> <ul><\/ul><\/div>\n<form action=\"\/boda\/wp-json\/wp\/v2\/pages\/214#wpcf7-f111-o1\" method=\"post\" class=\"wpcf7-form init\" aria-label=\"Contact form\" novalidate=\"novalidate\" data-status=\"init\">\n<fieldset class=\"hidden-fields-container\"><input type=\"hidden\" name=\"_wpcf7\" value=\"111\" \/><input type=\"hidden\" name=\"_wpcf7_version\" value=\"6.1.5\" \/><input type=\"hidden\" name=\"_wpcf7_locale\" value=\"en_US\" \/><input type=\"hidden\" name=\"_wpcf7_unit_tag\" value=\"wpcf7-f111-o1\" \/><input type=\"hidden\" name=\"_wpcf7_container_post\" value=\"0\" \/><input type=\"hidden\" name=\"_wpcf7_posted_data_hash\" value=\"\" \/>\n<\/fieldset>\n<p><span class=\"wpcf7-form-control-wrap\" data-name=\"your-name\"><input size=\"40\" maxlength=\"400\" class=\"wpcf7-form-control wpcf7-text wpcf7-validates-as-required\" aria-required=\"true\" aria-invalid=\"false\" placeholder=\"Nombre\" value=\"\" type=\"text\" name=\"your-name\" \/><\/span>\n<\/p>\n<p><span class=\"wpcf7-form-control-wrap\" data-name=\"your-email\"><input size=\"40\" maxlength=\"400\" class=\"wpcf7-form-control wpcf7-email wpcf7-validates-as-required wpcf7-text wpcf7-validates-as-email\" aria-required=\"true\" aria-invalid=\"false\" placeholder=\"Email\" value=\"\" type=\"email\" name=\"your-email\" \/><\/span>\n<\/p>\n<p><span class=\"wpcf7-form-control-wrap\" data-name=\"invitados\"><select class=\"wpcf7-form-control wpcf7-select wpcf7-validates-as-required\" aria-required=\"true\" aria-invalid=\"false\" name=\"invitados\"><option value=\"\">N\u00ba. adultos<\/option><option value=\"1\">1<\/option><option value=\"2\">2<\/option><option value=\"3\">3<\/option><option value=\"4\">4<\/option><\/select><\/span>\n<\/p>\n<p><span class=\"wpcf7-form-control-wrap\" data-name=\"menores\"><select class=\"wpcf7-form-control wpcf7-select wpcf7-validates-as-required\" aria-required=\"true\" aria-invalid=\"false\" name=\"menores\"><option value=\"\">N\u00ba. menores de 12 a\u00f1os<\/option><option value=\"0\">0<\/option><option value=\"1\">1<\/option><option value=\"2\">2<\/option><option value=\"3\">3<\/option><option value=\"4\">4<\/option><\/select><\/span>\n<\/p>\n<p><input class=\"wpcf7-form-control wpcf7-submit has-spinner\" type=\"submit\" value=\"Confirmar asistencia\" \/><br \/>\nAntes del 31 de Mayo del 2020\n<\/p><div class=\"wpcf7-response-output\" aria-hidden=\"true\"><\/div>\n<\/form>\n<\/div>\n\n<\/div>\n\t\t<\/div><\/div><\/div><div id=\"pgc-w5e45d81811549-0-1\"  class=\"panel-grid-cell\" ><div id=\"panel-w5e45d81811549-0-1-0\" class=\"so-panel widget widget_sow-editor panel-first-child\" data-index=\"1\" ><div\n\t\t\t\n\t\t\tclass=\"so-widget-sow-editor so-widget-sow-editor-base\"\n\t\t\t\n\t\t>\n<div class=\"siteorigin-widget-tinymce textwidget\">\n\t<p><img loading=\"lazy\" decoding=\"async\" class=\"alignnone size-full wp-image-116\" src=\"http:\/\/xtrailhosting.com\/butterfly\/wp-content\/uploads\/2016\/12\/rsvp-ico-1.png\" alt=\"\" width=\"123\" height=\"123\" \/><\/p>\n<\/div>\n<\/div><\/div><div id=\"panel-w5e45d81811549-0-1-1\" class=\"so-panel widget widget_text\" data-index=\"2\" ><div class=\"text-center white-text panel-widget-style panel-widget-style-for-w5e45d81811549-0-1-1\" >\t\t\t<div class=\"textwidget\"><p>Nos encantar\u00eda que te unieras a nosotros en nuestro d\u00eda tan especial. H\u00e1ganoslo saber rellenando el formulario RSVP.<\/p>\n<\/div>\n\t\t<\/div><\/div><div id=\"panel-w5e45d81811549-0-1-2\" class=\"so-panel widget widget_sow-editor\" data-index=\"3\" ><div\n\t\t\t\n\t\t\tclass=\"so-widget-sow-editor so-widget-sow-editor-base\"\n\t\t\t\n\t\t>\n<div class=\"siteorigin-widget-tinymce textwidget\">\n\t<p><img loading=\"lazy\" decoding=\"async\" class=\"alignnone size-full wp-image-117\" src=\"http:\/\/xtrailhosting.com\/butterfly\/wp-content\/uploads\/2016\/12\/rsvp-ico-2.png\" alt=\"\" width=\"123\" height=\"123\" \/><\/p><\/div>\n<\/div><\/div><div id=\"panel-w5e45d81811549-0-1-3\" class=\"so-panel widget widget_text\" data-index=\"4\" ><div class=\"text-center white-text panel-widget-style panel-widget-style-for-w5e45d81811549-0-1-3\" >\t\t\t<div class=\"textwidget\"><p>Estamos contando los d\u00edas. Tan emocionado de compartir nuestro d\u00eda especial con nuestros amigos y familiares m\u00e1s cercanos.<\/p>\n<\/div>\n\t\t<\/div><\/div><div id=\"panel-w5e45d81811549-0-1-4\" class=\"so-panel widget widget_sow-editor\" data-index=\"5\" ><div\n\t\t\t\n\t\t\tclass=\"so-widget-sow-editor so-widget-sow-editor-base\"\n\t\t\t\n\t\t>\n<div class=\"siteorigin-widget-tinymce textwidget\">\n\t<p><img loading=\"lazy\" decoding=\"async\" class=\"alignnone size-full wp-image-118\" src=\"http:\/\/xtrailhosting.com\/butterfly\/wp-content\/uploads\/2016\/12\/rsvp-ico-3.png\" alt=\"\" width=\"123\" height=\"123\" \/><\/p><\/div>\n<\/div><\/div><div id=\"panel-w5e45d81811549-0-1-5\" class=\"so-panel widget widget_text\" data-index=\"6\" ><div class=\"text-center white-text panel-widget-style panel-widget-style-for-w5e45d81811549-0-1-5\" >\t\t\t<div class=\"textwidget\"><p>\u00bfA qu\u00e9 est\u00e1s esperando? \u00a1Rellena el RSVP y dinos que estar\u00e1s all\u00ed, no puedes faltar!<\/p>\n<\/div>\n\t\t<\/div><\/div><div id=\"panel-w5e45d81811549-0-1-6\" class=\"so-panel widget widget_sow-button panel-last-child\" data-index=\"7\" ><div\n\t\t\t\n\t\t\tclass=\"so-widget-sow-button so-widget-sow-button-flat-f57a2b685251\"\n\t\t\t\n\t\t><div class=\"ow-button-base ow-button-align-center\"\n>\n\t\t\t<a\n\t\t\t\t\thref=\"https:\/\/www.galtierfrias.es\/boda\/wp-content\/uploads\/2020\/02\/26220240_1473218312790651_5178670493043286828_n.png\"\n\t\t\t\t\tclass=\"wpcf7-form-control wpcf7-submit sowb-button ow-icon-placement-left ow-button-hover\" \t>\n\t\t<span>\n\t\t\t<span class=\"sow-icon-icomoon\" data-sow-icon=\"&#xe976;\"\n\t\tstyle=\"color: #ffffff\" \n\t\taria-hidden=\"true\"><\/span>\n\t\t\tVESTIMENTA FORMAL\t\t<\/span>\n\t\t\t<\/a>\n\t<\/div>\n<\/div><\/div><\/div><\/div><\/div><\/div><\/div><\/div><\/div><\/div><\/div><\/div><\/div><\/div><\/div><\/div><\/div>","protected":false},"excerpt":{"rendered":"<p>Os invitamos a nuestra Boda que se celebrar\u00e1 el 21 de agosto del 2020 Nosotros Alejandro Es una persona noble, inteligente pero tambi\u00e9n ingenua, de car\u00e1cter fuerte pero un ni\u00f1o en el fondo. Muy buen padre!! El es mi complemento, con muchas virtudes y con defectos tambi\u00e9n, como todos los tenemos. Pero \u00e9l para mi [&hellip;]<\/p>\n","protected":false},"author":1,"featured_media":0,"parent":0,"menu_order":0,"comment_status":"closed","ping_status":"closed","template":"template\/front-page.php","meta":{"footnotes":""},"class_list":["post-214","page","type-page","status-publish","hentry"],"_links":{"self":[{"href":"https:\/\/www.galtierfrias.es\/boda\/wp-json\/wp\/v2\/pages\/214","targetHints":{"allow":["GET"]}}],"collection":[{"href":"https:\/\/www.galtierfrias.es\/boda\/wp-json\/wp\/v2\/pages"}],"about":[{"href":"https:\/\/www.galtierfrias.es\/boda\/wp-json\/wp\/v2\/types\/page"}],"author":[{"embeddable":true,"href":"https:\/\/www.galtierfrias.es\/boda\/wp-json\/wp\/v2\/users\/1"}],"replies":[{"embeddable":true,"href":"https:\/\/www.galtierfrias.es\/boda\/wp-json\/wp\/v2\/comments?post=214"}],"version-history":[{"count":95,"href":"https:\/\/www.galtierfrias.es\/boda\/wp-json\/wp\/v2\/pages\/214\/revisions"}],"predecessor-version":[{"id":336,"href":"https:\/\/www.galtierfrias.es\/boda\/wp-json\/wp\/v2\/pages\/214\/revisions\/336"}],"wp:attachment":[{"href":"https:\/\/www.galtierfrias.es\/boda\/wp-json\/wp\/v2\/media?parent=214"}],"curies":[{"name":"wp","href":"https:\/\/api.w.org\/{rel}","templated":true}]}}